{"id":2569,"date":"2020-11-24T16:41:33","date_gmt":"2020-11-24T16:41:33","guid":{"rendered":"http:\/\/localhost:10008\/?post_type=product&#038;p=2569"},"modified":"2022-03-11T15:22:44","modified_gmt":"2022-03-11T15:22:44","slug":"drapeaux-de-vitres-perso","status":"publish","type":"product","link":"http:\/\/gama.ca\/en\/product\/drapeaux-de-vitres-perso\/","title":{"rendered":"Custom Car Flags"},"content":{"rendered":"","protected":false},"excerpt":{"rendered":"<ul>\n<li> A photo quality banner printed on both sides;<\/li>\n<li> Possibilit\u00e9 d&rsquo;afficher votre message sur les deux c\u00f4t\u00e9s;<\/li>\n<li> 2 assembled prints with a blockout in the center;<\/li>\n<li> Distinguished by its unparalleled quality\/price ratio on the market;<\/li>\n<li> Long durability with its four rows of stitching;<\/li>\n<li> Very versatile.<\/li>\n<\/ul>\n<p><\/p>\n<p><button class=\"soumission-btn\"><a href=\"\/en\/soumission\/\">Request Quote<\/a><\/button><\/p>","protected":false},"featured_media":7210,"template":"","meta":{"inline_featured_image":false},"product_brand":[],"product_cat":[156,279,280,291],"product_tag":[],"class_list":{"0":"post-2569","1":"product","2":"type-product","3":"status-publish","4":"has-post-thumbnail","6":"product_cat-drapeaux","7":"product_cat-drapeaux-de-vitres","8":"product_cat-drapeaux-de-vitres-drapeaux-en-stock","9":"product_cat-drapeaux-personnalises","11":"first","12":"instock","13":"taxable","14":"shipping-taxable","15":"product-type-simple"},"_links":{"self":[{"href":"http:\/\/gama.ca\/en\/wp-json\/wp\/v2\/product\/2569","targetHints":{"allow":["GET"]}}],"collection":[{"href":"http:\/\/gama.ca\/en\/wp-json\/wp\/v2\/product"}],"about":[{"href":"http:\/\/gama.ca\/en\/wp-json\/wp\/v2\/types\/product"}],"wp:featuredmedia":[{"embeddable":true,"href":"http:\/\/gama.ca\/en\/wp-json\/wp\/v2\/media\/7210"}],"wp:attachment":[{"href":"http:\/\/gama.ca\/en\/wp-json\/wp\/v2\/media?parent=2569"}],"wp:term":[{"taxonomy":"product_brand","embeddable":true,"href":"http:\/\/gama.ca\/en\/wp-json\/wp\/v2\/product_brand?post=2569"},{"taxonomy":"product_cat","embeddable":true,"href":"http:\/\/gama.ca\/en\/wp-json\/wp\/v2\/product_cat?post=2569"},{"taxonomy":"product_tag","embeddable":true,"href":"http:\/\/gama.ca\/en\/wp-json\/wp\/v2\/product_tag?post=2569"}],"curies":[{"name":"wp","href":"https:\/\/api.w.org\/{rel}","templated":true}]}}