{"id":2571,"date":"2020-11-27T19:33:46","date_gmt":"2020-11-27T19:33:46","guid":{"rendered":"http:\/\/localhost:10008\/?post_type=product&#038;p=2571"},"modified":"2022-03-11T15:13:14","modified_gmt":"2022-03-11T15:13:14","slug":"drapeaux-5-x-3-perso","status":"publish","type":"product","link":"http:\/\/gama.ca\/en\/product\/drapeaux-5-x-3-perso\/","title":{"rendered":"5 x 3 ft Custom Flags"},"content":{"rendered":"","protected":false},"excerpt":{"rendered":"<h3><strong>Prices start at $100<\/strong><\/h3>\n<ul>\n<li> A photo quality banner printed on both sides;<\/li>\n<li> Possibilit\u00e9 d&rsquo;afficher votre message sur les deux c\u00f4t\u00e9s;<\/li>\n<li> 2 assembled prints with a blockout in the center;<\/li>\n<li> Distinguished by its unparalleled quality\/price ratio on the market;<\/li>\n<li> Long durability with its four rows of stitching;<\/li>\n<li> Very versatile.<\/li>\n<\/ul>\n<p><\/p>\n<p><button class=\"soumission-btn\"><a href=\"\/en\/soumission\/\">Request Quote<\/a><\/button><\/p>","protected":false},"featured_media":2572,"template":"","meta":{"inline_featured_image":false},"product_brand":[],"product_cat":[156,291,292,293],"product_tag":[],"class_list":{"0":"post-2571","1":"product","2":"type-product","3":"status-publish","4":"has-post-thumbnail","6":"product_cat-drapeaux","7":"product_cat-drapeaux-personnalises","8":"product_cat-drapeaux-5-x-3-pi","9":"product_cat-drapeaux-5-x-3-pi-drapeaux-regulier","11":"first","12":"instock","13":"taxable","14":"shipping-taxable","15":"product-type-simple"},"_links":{"self":[{"href":"http:\/\/gama.ca\/en\/wp-json\/wp\/v2\/product\/2571","targetHints":{"allow":["GET"]}}],"collection":[{"href":"http:\/\/gama.ca\/en\/wp-json\/wp\/v2\/product"}],"about":[{"href":"http:\/\/gama.ca\/en\/wp-json\/wp\/v2\/types\/product"}],"wp:featuredmedia":[{"embeddable":true,"href":"http:\/\/gama.ca\/en\/wp-json\/wp\/v2\/media\/2572"}],"wp:attachment":[{"href":"http:\/\/gama.ca\/en\/wp-json\/wp\/v2\/media?parent=2571"}],"wp:term":[{"taxonomy":"product_brand","embeddable":true,"href":"http:\/\/gama.ca\/en\/wp-json\/wp\/v2\/product_brand?post=2571"},{"taxonomy":"product_cat","embeddable":true,"href":"http:\/\/gama.ca\/en\/wp-json\/wp\/v2\/product_cat?post=2571"},{"taxonomy":"product_tag","embeddable":true,"href":"http:\/\/gama.ca\/en\/wp-json\/wp\/v2\/product_tag?post=2571"}],"curies":[{"name":"wp","href":"https:\/\/api.w.org\/{rel}","templated":true}]}}