{"id":2608,"date":"2020-12-01T18:56:47","date_gmt":"2020-12-01T18:56:47","guid":{"rendered":"http:\/\/localhost:10008\/?post_type=product&#038;p=2608"},"modified":"2022-11-08T21:47:50","modified_gmt":"2022-11-08T21:47:50","slug":"collets-hd-pour-poteaux","status":"publish","type":"product","link":"http:\/\/gama.ca\/en\/product\/collets-hd-pour-poteaux\/","title":{"rendered":"HD Collars for Flagpoles"},"content":{"rendered":"","protected":false},"excerpt":{"rendered":"<h3>Price according to diameter<\/h3>\n<p>Peut soutenir jusqu&rsquo;\u00e0 800 lb de torsion (et non 200lbs comme ceux trouv\u00e9s dans les magasins \u00e0 grande surface).<\/p>","protected":false},"featured_media":2609,"template":"","meta":{"inline_featured_image":false},"product_brand":[],"product_cat":[302,304],"product_tag":[],"class_list":{"0":"post-2608","1":"product","2":"type-product","3":"status-publish","4":"has-post-thumbnail","6":"product_cat-mats-et-quincaillerie","7":"product_cat-quincaillerie","9":"first","10":"instock","11":"taxable","12":"shipping-taxable","13":"purchasable","14":"product-type-variable"},"_links":{"self":[{"href":"http:\/\/gama.ca\/en\/wp-json\/wp\/v2\/product\/2608","targetHints":{"allow":["GET"]}}],"collection":[{"href":"http:\/\/gama.ca\/en\/wp-json\/wp\/v2\/product"}],"about":[{"href":"http:\/\/gama.ca\/en\/wp-json\/wp\/v2\/types\/product"}],"wp:featuredmedia":[{"embeddable":true,"href":"http:\/\/gama.ca\/en\/wp-json\/wp\/v2\/media\/2609"}],"wp:attachment":[{"href":"http:\/\/gama.ca\/en\/wp-json\/wp\/v2\/media?parent=2608"}],"wp:term":[{"taxonomy":"product_brand","embeddable":true,"href":"http:\/\/gama.ca\/en\/wp-json\/wp\/v2\/product_brand?post=2608"},{"taxonomy":"product_cat","embeddable":true,"href":"http:\/\/gama.ca\/en\/wp-json\/wp\/v2\/product_cat?post=2608"},{"taxonomy":"product_tag","embeddable":true,"href":"http:\/\/gama.ca\/en\/wp-json\/wp\/v2\/product_tag?post=2608"}],"curies":[{"name":"wp","href":"https:\/\/api.w.org\/{rel}","templated":true}]}}