{"id":4210,"date":"2020-12-14T18:49:41","date_gmt":"2020-12-14T18:49:41","guid":{"rendered":"http:\/\/localhost:10008\/?post_type=product&#038;p=4210"},"modified":"2022-11-07T16:32:23","modified_gmt":"2022-11-07T16:32:23","slug":"ensembles-de-chiffres-de-pare-brise","status":"publish","type":"product","link":"http:\/\/gama.ca\/en\/product\/ensembles-de-chiffres-de-pare-brise\/","title":{"rendered":"Windshield Number Kit"},"content":{"rendered":"","protected":false},"excerpt":{"rendered":"<h3><strong>Windshield Numbers<\/strong><\/h3>\n<p>&nbsp;<\/p>\n<p>Se collent directement \u00e0 l&rsquo;ext\u00e9rieur du pare-brise et s&rsquo;enl\u00e8vent facilement.<br \/>\nDeux styles d&rsquo;ensemble s&rsquo;offrent \u00e0 vous; <strong>ensemble\u00a0complet<\/strong> comprenant 288 unit\u00e9s ou simplement <strong>by the dozen.<\/strong><\/p>\n<hr \/>\n<h4><strong>Contenu de l&rsquo;ensemble complet<\/strong><\/h4>\n<p>1:48x \/ 2:24x \/ 3:24x \/ 4:24x \/ 5:24x \/ 6:24x \/ 7:12x \/ 8:12x \/ 9:24x \/ 0:24x \/ $:48x<\/p>","protected":false},"featured_media":7031,"template":"","meta":{"inline_featured_image":false},"product_brand":[],"product_cat":[51,455,473],"product_tag":[],"class_list":{"0":"post-4210","1":"product","2":"type-product","3":"status-publish","4":"has-post-thumbnail","6":"product_cat-publicite-sur-vehicules","7":"product_cat-autocollants-de-pare-brise","8":"product_cat-collants-de-pare-brise","10":"first","11":"instock","12":"taxable","13":"shipping-taxable","14":"purchasable","15":"product-type-variable"},"_links":{"self":[{"href":"http:\/\/gama.ca\/en\/wp-json\/wp\/v2\/product\/4210","targetHints":{"allow":["GET"]}}],"collection":[{"href":"http:\/\/gama.ca\/en\/wp-json\/wp\/v2\/product"}],"about":[{"href":"http:\/\/gama.ca\/en\/wp-json\/wp\/v2\/types\/product"}],"wp:featuredmedia":[{"embeddable":true,"href":"http:\/\/gama.ca\/en\/wp-json\/wp\/v2\/media\/7031"}],"wp:attachment":[{"href":"http:\/\/gama.ca\/en\/wp-json\/wp\/v2\/media?parent=4210"}],"wp:term":[{"taxonomy":"product_brand","embeddable":true,"href":"http:\/\/gama.ca\/en\/wp-json\/wp\/v2\/product_brand?post=4210"},{"taxonomy":"product_cat","embeddable":true,"href":"http:\/\/gama.ca\/en\/wp-json\/wp\/v2\/product_cat?post=4210"},{"taxonomy":"product_tag","embeddable":true,"href":"http:\/\/gama.ca\/en\/wp-json\/wp\/v2\/product_tag?post=4210"}],"curies":[{"name":"wp","href":"https:\/\/api.w.org\/{rel}","templated":true}]}}