{"id":4910,"date":"2021-01-07T16:44:00","date_gmt":"2021-01-07T16:44:00","guid":{"rendered":"http:\/\/localhost:10008\/?post_type=product&#038;p=4910"},"modified":"2023-04-05T18:36:20","modified_gmt":"2023-04-05T18:36:20","slug":"porte-cles-auto-proteges-a-coins-carres","status":"publish","type":"product","link":"http:\/\/gama.ca\/en\/product\/porte-cles-auto-proteges-a-coins-carres\/","title":{"rendered":"Porte-cl\u00e9s d&rsquo;inventaire auto-prot\u00e9g\u00e9s \u00e0 coins carr\u00e9s"},"content":{"rendered":"","protected":false},"excerpt":{"rendered":"<ul>\n<li>Choice of colors: Yellow, red, blue, green, grey, pink, white and orange<\/li>\n<li>Sold in packs of 250 key rings<\/li>\n<\/ul>","protected":false},"featured_media":4913,"template":"","meta":{"inline_featured_image":false},"product_brand":[],"product_cat":[529,540],"product_tag":[],"class_list":{"0":"post-4910","1":"product","2":"type-product","3":"status-publish","4":"has-post-thumbnail","6":"product_cat-gestion-de-linventaire","7":"product_cat-porte-cles-dinventaire","9":"first","10":"instock","11":"taxable","12":"shipping-taxable","13":"purchasable","14":"product-type-variable"},"_links":{"self":[{"href":"http:\/\/gama.ca\/en\/wp-json\/wp\/v2\/product\/4910","targetHints":{"allow":["GET"]}}],"collection":[{"href":"http:\/\/gama.ca\/en\/wp-json\/wp\/v2\/product"}],"about":[{"href":"http:\/\/gama.ca\/en\/wp-json\/wp\/v2\/types\/product"}],"wp:featuredmedia":[{"embeddable":true,"href":"http:\/\/gama.ca\/en\/wp-json\/wp\/v2\/media\/4913"}],"wp:attachment":[{"href":"http:\/\/gama.ca\/en\/wp-json\/wp\/v2\/media?parent=4910"}],"wp:term":[{"taxonomy":"product_brand","embeddable":true,"href":"http:\/\/gama.ca\/en\/wp-json\/wp\/v2\/product_brand?post=4910"},{"taxonomy":"product_cat","embeddable":true,"href":"http:\/\/gama.ca\/en\/wp-json\/wp\/v2\/product_cat?post=4910"},{"taxonomy":"product_tag","embeddable":true,"href":"http:\/\/gama.ca\/en\/wp-json\/wp\/v2\/product_tag?post=4910"}],"curies":[{"name":"wp","href":"https:\/\/api.w.org\/{rel}","templated":true}]}}