{"id":5037,"date":"2021-01-07T21:41:27","date_gmt":"2021-01-07T21:41:27","guid":{"rendered":"http:\/\/localhost:10008\/?post_type=product&#038;p=5037"},"modified":"2023-04-05T18:34:48","modified_gmt":"2023-04-05T18:34:48","slug":"porte-cle-auto-protege-a-coins-arrondis","status":"publish","type":"product","link":"http:\/\/gama.ca\/en\/product\/porte-cle-auto-protege-a-coins-arrondis\/","title":{"rendered":"Porte-cl\u00e9s d&rsquo;inventaire auto-prot\u00e9g\u00e9s \u00e0 coins arrondis"},"content":{"rendered":"","protected":false},"excerpt":{"rendered":"<ul>\n<li>Choice of colors: Yellow, red, blue, green, grey, pink, white and orange<\/li>\n<li>Sold in packs of 250 key rings<\/li>\n<\/ul>","protected":false},"featured_media":4912,"template":"","meta":{"inline_featured_image":false},"product_brand":[],"product_cat":[540,529],"product_tag":[],"class_list":{"0":"post-5037","1":"product","2":"type-product","3":"status-publish","4":"has-post-thumbnail","6":"product_cat-porte-cles-dinventaire","7":"product_cat-gestion-de-linventaire","9":"first","10":"instock","11":"taxable","12":"shipping-taxable","13":"purchasable","14":"product-type-variable"},"_links":{"self":[{"href":"http:\/\/gama.ca\/en\/wp-json\/wp\/v2\/product\/5037","targetHints":{"allow":["GET"]}}],"collection":[{"href":"http:\/\/gama.ca\/en\/wp-json\/wp\/v2\/product"}],"about":[{"href":"http:\/\/gama.ca\/en\/wp-json\/wp\/v2\/types\/product"}],"wp:featuredmedia":[{"embeddable":true,"href":"http:\/\/gama.ca\/en\/wp-json\/wp\/v2\/media\/4912"}],"wp:attachment":[{"href":"http:\/\/gama.ca\/en\/wp-json\/wp\/v2\/media?parent=5037"}],"wp:term":[{"taxonomy":"product_brand","embeddable":true,"href":"http:\/\/gama.ca\/en\/wp-json\/wp\/v2\/product_brand?post=5037"},{"taxonomy":"product_cat","embeddable":true,"href":"http:\/\/gama.ca\/en\/wp-json\/wp\/v2\/product_cat?post=5037"},{"taxonomy":"product_tag","embeddable":true,"href":"http:\/\/gama.ca\/en\/wp-json\/wp\/v2\/product_tag?post=5037"}],"curies":[{"name":"wp","href":"https:\/\/api.w.org\/{rel}","templated":true}]}}