{"id":5078,"date":"2021-01-08T18:01:26","date_gmt":"2021-01-08T18:01:26","guid":{"rendered":"http:\/\/localhost:10008\/?post_type=product&#038;p=5078"},"modified":"2022-11-04T17:53:59","modified_gmt":"2022-11-04T17:53:59","slug":"vadrouilles","status":"publish","type":"product","link":"http:\/\/gama.ca\/en\/product\/vadrouilles\/","title":{"rendered":"Car Dusters"},"content":{"rendered":"","protected":false},"excerpt":{"rendered":"<ul>\n<li>A wax coating captures and raises dust;<\/li>\n<li>Fast and efficient cleaning;<\/li>\n<li>Parfait pour l&rsquo;ext\u00e9rieur et l&rsquo;int\u00e9rieur des v\u00e9hicules<\/li>\n<\/ul>","protected":false},"featured_media":5075,"template":"","meta":{"inline_featured_image":false},"product_brand":[],"product_cat":[569,570],"product_tag":[],"class_list":{"0":"post-5078","1":"product","2":"type-product","3":"status-publish","4":"has-post-thumbnail","6":"product_cat-utilitaires","7":"product_cat-vadrouilles-et-elcometre","9":"first","10":"instock","11":"taxable","12":"shipping-taxable","13":"purchasable","14":"product-type-simple"},"_links":{"self":[{"href":"http:\/\/gama.ca\/en\/wp-json\/wp\/v2\/product\/5078","targetHints":{"allow":["GET"]}}],"collection":[{"href":"http:\/\/gama.ca\/en\/wp-json\/wp\/v2\/product"}],"about":[{"href":"http:\/\/gama.ca\/en\/wp-json\/wp\/v2\/types\/product"}],"wp:featuredmedia":[{"embeddable":true,"href":"http:\/\/gama.ca\/en\/wp-json\/wp\/v2\/media\/5075"}],"wp:attachment":[{"href":"http:\/\/gama.ca\/en\/wp-json\/wp\/v2\/media?parent=5078"}],"wp:term":[{"taxonomy":"product_brand","embeddable":true,"href":"http:\/\/gama.ca\/en\/wp-json\/wp\/v2\/product_brand?post=5078"},{"taxonomy":"product_cat","embeddable":true,"href":"http:\/\/gama.ca\/en\/wp-json\/wp\/v2\/product_cat?post=5078"},{"taxonomy":"product_tag","embeddable":true,"href":"http:\/\/gama.ca\/en\/wp-json\/wp\/v2\/product_tag?post=5078"}],"curies":[{"name":"wp","href":"https:\/\/api.w.org\/{rel}","templated":true}]}}