{"id":796,"date":"2020-11-06T17:03:17","date_gmt":"2020-11-06T17:03:17","guid":{"rendered":"http:\/\/localhost:10008\/?post_type=product&#038;p=796"},"modified":"2023-03-22T14:32:56","modified_gmt":"2023-03-22T14:32:56","slug":"stylo-griffe-09","status":"publish","type":"product","link":"http:\/\/gama.ca\/en\/product\/stylo-griffe-09\/","title":{"rendered":"Griffe Pen #09"},"content":{"rendered":"","protected":false},"excerpt":{"rendered":"<p>Prestigieux stylo en m\u00e9tal, encre noire, dot\u00e9 d&rsquo;un capuchon noir muni de garniture et baril plaqu\u00e9 or.<br \/>\n<strong>Set-up cost of 40$ per color or laser engraving, per area. Additional color and area are 0.45$ each.<\/strong><\/p>\n<p><strong>Unit price according to quantity:<\/strong><\/p>\n<table class=\"tableau-prix\">\n<thead>\n<tr>\n<th scope=\"col\">Quantity<\/th>\n<th scope=\"col\">Price<\/th>\n<\/tr>\n<\/thead>\n<tbody>\n<tr>\n<td data-label=\"qty\">100<\/td>\n<td data-label=\"price\">13.74$<\/td>\n<\/tr>\n<tr>\n<td scope=\"row\" data-label=\"qty\">250<\/td>\n<td data-label=\"price\">12.59$<\/td>\n<\/tr>\n<tr>\n<td scope=\"row\" data-label=\"qty\">1000<\/td>\n<td data-label=\"price\">10.93$<\/td>\n<\/tr>\n<\/tbody>\n<\/table>\n<p><button class=\"soumission-btn\"><a href=\"\/en\/soumission\/\">Request Quote<\/a><\/button><\/p>","protected":false},"featured_media":804,"template":"","meta":{"inline_featured_image":false},"product_brand":[],"product_cat":[54,146],"product_tag":[],"class_list":{"0":"post-796","1":"product","2":"type-product","3":"status-publish","4":"has-post-thumbnail","6":"product_cat-stylos","7":"product_cat-stylo-deluxe","9":"first","10":"instock","11":"taxable","12":"shipping-taxable","13":"product-type-simple"},"_links":{"self":[{"href":"http:\/\/gama.ca\/en\/wp-json\/wp\/v2\/product\/796","targetHints":{"allow":["GET"]}}],"collection":[{"href":"http:\/\/gama.ca\/en\/wp-json\/wp\/v2\/product"}],"about":[{"href":"http:\/\/gama.ca\/en\/wp-json\/wp\/v2\/types\/product"}],"wp:featuredmedia":[{"embeddable":true,"href":"http:\/\/gama.ca\/en\/wp-json\/wp\/v2\/media\/804"}],"wp:attachment":[{"href":"http:\/\/gama.ca\/en\/wp-json\/wp\/v2\/media?parent=796"}],"wp:term":[{"taxonomy":"product_brand","embeddable":true,"href":"http:\/\/gama.ca\/en\/wp-json\/wp\/v2\/product_brand?post=796"},{"taxonomy":"product_cat","embeddable":true,"href":"http:\/\/gama.ca\/en\/wp-json\/wp\/v2\/product_cat?post=796"},{"taxonomy":"product_tag","embeddable":true,"href":"http:\/\/gama.ca\/en\/wp-json\/wp\/v2\/product_tag?post=796"}],"curies":[{"name":"wp","href":"https:\/\/api.w.org\/{rel}","templated":true}]}}