{"id":1255,"date":"2020-11-16T19:04:23","date_gmt":"2020-11-16T19:04:23","guid":{"rendered":"http:\/\/localhost:10008\/?post_type=product&#038;p=1255"},"modified":"2023-03-09T14:23:09","modified_gmt":"2023-03-09T14:23:09","slug":"drap-o-vent-motocyclette","status":"publish","type":"product","link":"http:\/\/gama.ca\/fr\/produit\/drap-o-vent-motocyclette\/","title":{"rendered":"Drapeau &#8220;Drap-o-vent&#8221; Motocyclettes"},"content":{"rendered":"","protected":false},"excerpt":{"rendered":"<h4>Grandeur de 27,5\u201d x 128,5\u201d<\/h4>\n<p>Fabriqu\u00e9s pour et \u00e0 la demande des concessionnaires autoris\u00e9s<\/p>\n","protected":false},"featured_media":1260,"template":"","meta":{"inline_featured_image":false},"product_brand":[],"product_cat":[156,157,248],"product_tag":[],"class_list":{"0":"post-1255","1":"product","2":"type-product","3":"status-publish","4":"has-post-thumbnail","6":"product_cat-drapeaux","7":"product_cat-corporatifs","8":"product_cat-drap-o-vent-corpo","10":"first","11":"instock","12":"taxable","13":"shipping-taxable","14":"purchasable","15":"product-type-variable"},"_links":{"self":[{"href":"http:\/\/gama.ca\/fr\/wp-json\/wp\/v2\/product\/1255","targetHints":{"allow":["GET"]}}],"collection":[{"href":"http:\/\/gama.ca\/fr\/wp-json\/wp\/v2\/product"}],"about":[{"href":"http:\/\/gama.ca\/fr\/wp-json\/wp\/v2\/types\/product"}],"wp:featuredmedia":[{"embeddable":true,"href":"http:\/\/gama.ca\/fr\/wp-json\/wp\/v2\/media\/1260"}],"wp:attachment":[{"href":"http:\/\/gama.ca\/fr\/wp-json\/wp\/v2\/media?parent=1255"}],"wp:term":[{"taxonomy":"product_brand","embeddable":true,"href":"http:\/\/gama.ca\/fr\/wp-json\/wp\/v2\/product_brand?post=1255"},{"taxonomy":"product_cat","embeddable":true,"href":"http:\/\/gama.ca\/fr\/wp-json\/wp\/v2\/product_cat?post=1255"},{"taxonomy":"product_tag","embeddable":true,"href":"http:\/\/gama.ca\/fr\/wp-json\/wp\/v2\/product_tag?post=1255"}],"curies":[{"name":"wp","href":"https:\/\/api.w.org\/{rel}","templated":true}]}}