{"id":1281,"date":"2020-11-16T19:01:34","date_gmt":"2020-11-16T19:01:34","guid":{"rendered":"http:\/\/localhost:10008\/?post_type=product&#038;p=1281"},"modified":"2023-03-09T14:23:29","modified_gmt":"2023-03-09T14:23:29","slug":"drap-o-vent-toyota","status":"publish","type":"product","link":"http:\/\/gama.ca\/fr\/produit\/drap-o-vent-toyota\/","title":{"rendered":"Drapeau &#8220;Drap-o-vent&#8221; Toyota"},"content":{"rendered":"","protected":false},"excerpt":{"rendered":"<h4>Grandeur de 27,5\u201d x 128,5\u201d<\/h4>\n<p>Fabriqu\u00e9s pour et \u00e0 la demande des concessionnaires autoris\u00e9s<\/p>\n","protected":false},"featured_media":1282,"template":"","meta":{"inline_featured_image":false},"product_brand":[],"product_cat":[156,157,248],"product_tag":[],"class_list":{"0":"post-1281","1":"product","2":"type-product","3":"status-publish","4":"has-post-thumbnail","6":"product_cat-drapeaux","7":"product_cat-corporatifs","8":"product_cat-drap-o-vent-corpo","10":"first","11":"instock","12":"taxable","13":"shipping-taxable","14":"purchasable","15":"product-type-variable"},"_links":{"self":[{"href":"http:\/\/gama.ca\/fr\/wp-json\/wp\/v2\/product\/1281","targetHints":{"allow":["GET"]}}],"collection":[{"href":"http:\/\/gama.ca\/fr\/wp-json\/wp\/v2\/product"}],"about":[{"href":"http:\/\/gama.ca\/fr\/wp-json\/wp\/v2\/types\/product"}],"wp:featuredmedia":[{"embeddable":true,"href":"http:\/\/gama.ca\/fr\/wp-json\/wp\/v2\/media\/1282"}],"wp:attachment":[{"href":"http:\/\/gama.ca\/fr\/wp-json\/wp\/v2\/media?parent=1281"}],"wp:term":[{"taxonomy":"product_brand","embeddable":true,"href":"http:\/\/gama.ca\/fr\/wp-json\/wp\/v2\/product_brand?post=1281"},{"taxonomy":"product_cat","embeddable":true,"href":"http:\/\/gama.ca\/fr\/wp-json\/wp\/v2\/product_cat?post=1281"},{"taxonomy":"product_tag","embeddable":true,"href":"http:\/\/gama.ca\/fr\/wp-json\/wp\/v2\/product_tag?post=1281"}],"curies":[{"name":"wp","href":"https:\/\/api.w.org\/{rel}","templated":true}]}}