{"id":1646,"date":"2020-11-18T21:46:25","date_gmt":"2020-11-18T21:46:25","guid":{"rendered":"http:\/\/localhost:10008\/?post_type=product&#038;p=1646"},"modified":"2022-12-21T15:39:03","modified_gmt":"2022-12-21T15:39:03","slug":"drapeau-corporatif-double-hyundai","status":"publish","type":"product","link":"http:\/\/gama.ca\/fr\/produit\/drapeau-corporatif-double-hyundai\/","title":{"rendered":"Drapeau-banni\u00e8re double Hyundai"},"content":{"rendered":"","protected":false},"excerpt":{"rendered":"<p>Fabriqu\u00e9s pour et \u00e0 la demande des concessionnaires autoris\u00e9s.<\/p>\n<p>Drapeau avec manche seulement.<\/p>\n","protected":false},"featured_media":5299,"template":"","meta":{"inline_featured_image":false},"product_brand":[],"product_cat":[157,261],"product_tag":[],"class_list":{"0":"post-1646","1":"product","2":"type-product","3":"status-publish","4":"has-post-thumbnail","6":"product_cat-corporatifs","7":"product_cat-drapeaux-bannieres","9":"first","10":"instock","11":"taxable","12":"shipping-taxable","13":"purchasable","14":"product-type-variable"},"_links":{"self":[{"href":"http:\/\/gama.ca\/fr\/wp-json\/wp\/v2\/product\/1646","targetHints":{"allow":["GET"]}}],"collection":[{"href":"http:\/\/gama.ca\/fr\/wp-json\/wp\/v2\/product"}],"about":[{"href":"http:\/\/gama.ca\/fr\/wp-json\/wp\/v2\/types\/product"}],"wp:featuredmedia":[{"embeddable":true,"href":"http:\/\/gama.ca\/fr\/wp-json\/wp\/v2\/media\/5299"}],"wp:attachment":[{"href":"http:\/\/gama.ca\/fr\/wp-json\/wp\/v2\/media?parent=1646"}],"wp:term":[{"taxonomy":"product_brand","embeddable":true,"href":"http:\/\/gama.ca\/fr\/wp-json\/wp\/v2\/product_brand?post=1646"},{"taxonomy":"product_cat","embeddable":true,"href":"http:\/\/gama.ca\/fr\/wp-json\/wp\/v2\/product_cat?post=1646"},{"taxonomy":"product_tag","embeddable":true,"href":"http:\/\/gama.ca\/fr\/wp-json\/wp\/v2\/product_tag?post=1646"}],"curies":[{"name":"wp","href":"https:\/\/api.w.org\/{rel}","templated":true}]}}