{"id":2085,"date":"2020-11-20T21:00:33","date_gmt":"2020-11-20T21:00:33","guid":{"rendered":"http:\/\/localhost:10008\/?post_type=product&#038;p=2085"},"modified":"2022-11-11T16:59:19","modified_gmt":"2022-11-11T16:59:19","slug":"drapeaux-goutte-de-vitre-chevrolet-buick-gmc","status":"publish","type":"product","link":"http:\/\/gama.ca\/fr\/produit\/drapeaux-goutte-de-vitre-chevrolet-buick-gmc\/","title":{"rendered":"Drapeaux goutte de vitre Chevrolet &#8211; Buick &#8211; GMC"},"content":{"rendered":"","protected":false},"excerpt":{"rendered":"<h4>Grandeur de 9,5\u201d x 23,25\u201d<\/h4>\n<p>Fabriqu\u00e9s pour et \u00e0 la demande des concessionnaires autoris\u00e9s<\/p>\n","protected":false},"featured_media":2086,"template":"","meta":{"inline_featured_image":false},"product_brand":[],"product_cat":[271,157],"product_tag":[],"class_list":{"0":"post-2085","1":"product","2":"type-product","3":"status-publish","4":"has-post-thumbnail","6":"product_cat-gouttes-de-vitres","7":"product_cat-corporatifs","9":"first","10":"instock","11":"taxable","12":"shipping-taxable","13":"purchasable","14":"product-type-variable"},"_links":{"self":[{"href":"http:\/\/gama.ca\/fr\/wp-json\/wp\/v2\/product\/2085","targetHints":{"allow":["GET"]}}],"collection":[{"href":"http:\/\/gama.ca\/fr\/wp-json\/wp\/v2\/product"}],"about":[{"href":"http:\/\/gama.ca\/fr\/wp-json\/wp\/v2\/types\/product"}],"wp:featuredmedia":[{"embeddable":true,"href":"http:\/\/gama.ca\/fr\/wp-json\/wp\/v2\/media\/2086"}],"wp:attachment":[{"href":"http:\/\/gama.ca\/fr\/wp-json\/wp\/v2\/media?parent=2085"}],"wp:term":[{"taxonomy":"product_brand","embeddable":true,"href":"http:\/\/gama.ca\/fr\/wp-json\/wp\/v2\/product_brand?post=2085"},{"taxonomy":"product_cat","embeddable":true,"href":"http:\/\/gama.ca\/fr\/wp-json\/wp\/v2\/product_cat?post=2085"},{"taxonomy":"product_tag","embeddable":true,"href":"http:\/\/gama.ca\/fr\/wp-json\/wp\/v2\/product_tag?post=2085"}],"curies":[{"name":"wp","href":"https:\/\/api.w.org\/{rel}","templated":true}]}}