{"id":2439,"date":"2020-11-27T19:41:01","date_gmt":"2020-11-27T19:41:01","guid":{"rendered":"http:\/\/localhost:10008\/?post_type=product&#038;p=2439"},"modified":"2022-12-08T20:22:29","modified_gmt":"2022-12-08T20:22:29","slug":"drapeau-infiniti-5-x-3-pi","status":"publish","type":"product","link":"http:\/\/gama.ca\/fr\/produit\/drapeau-infiniti-5-x-3-pi\/","title":{"rendered":"Drapeau Infiniti 5 x 3 pi."},"content":{"rendered":"","protected":false},"excerpt":{"rendered":"<h4>Grandeur de 5 x 3 pi.<\/h4>\n<p>Fabriqu\u00e9s pour et \u00e0 la demande des concessionnaires autoris\u00e9s<\/p>\n","protected":false},"featured_media":2408,"template":"","meta":{"inline_featured_image":false},"product_brand":[],"product_cat":[156,157,292],"product_tag":[],"class_list":{"0":"post-2439","1":"product","2":"type-product","3":"status-publish","4":"has-post-thumbnail","6":"product_cat-drapeaux","7":"product_cat-corporatifs","8":"product_cat-drapeaux-5-x-3-pi","10":"first","11":"instock","12":"taxable","13":"shipping-taxable","14":"purchasable","15":"product-type-simple"},"_links":{"self":[{"href":"http:\/\/gama.ca\/fr\/wp-json\/wp\/v2\/product\/2439","targetHints":{"allow":["GET"]}}],"collection":[{"href":"http:\/\/gama.ca\/fr\/wp-json\/wp\/v2\/product"}],"about":[{"href":"http:\/\/gama.ca\/fr\/wp-json\/wp\/v2\/types\/product"}],"wp:featuredmedia":[{"embeddable":true,"href":"http:\/\/gama.ca\/fr\/wp-json\/wp\/v2\/media\/2408"}],"wp:attachment":[{"href":"http:\/\/gama.ca\/fr\/wp-json\/wp\/v2\/media?parent=2439"}],"wp:term":[{"taxonomy":"product_brand","embeddable":true,"href":"http:\/\/gama.ca\/fr\/wp-json\/wp\/v2\/product_brand?post=2439"},{"taxonomy":"product_cat","embeddable":true,"href":"http:\/\/gama.ca\/fr\/wp-json\/wp\/v2\/product_cat?post=2439"},{"taxonomy":"product_tag","embeddable":true,"href":"http:\/\/gama.ca\/fr\/wp-json\/wp\/v2\/product_tag?post=2439"}],"curies":[{"name":"wp","href":"https:\/\/api.w.org\/{rel}","templated":true}]}}