{"id":2567,"date":"2020-11-20T20:49:54","date_gmt":"2020-11-20T20:49:54","guid":{"rendered":"http:\/\/localhost:10008\/?post_type=product&#038;p=2567"},"modified":"2022-03-11T15:34:18","modified_gmt":"2022-03-11T15:34:18","slug":"drapeaux-gouttes-perso","status":"publish","type":"product","link":"http:\/\/gama.ca\/fr\/produit\/drapeaux-gouttes-perso\/","title":{"rendered":"Drapeaux Gouttes personnalis\u00e9s"},"content":{"rendered":"","protected":false},"excerpt":{"rendered":"<h3><strong>\u00c0 partir de 24.95$<\/strong><\/h3>\n<ul>\n<li> Une banni\u00e8re imprim\u00e9e recto\/verso qualit\u00e9 photo;<\/li>\n<li> Possibilit\u00e9 d&#8217;afficher votre message sur les deux c\u00f4t\u00e9s;<\/li>\n<li> 2 imprim\u00e9s assembl\u00e9s avec un blockout au centre;<\/li>\n<li> Se distingue par son rapport qualit\u00e9\/prix sans pareil sur le march\u00e9;<\/li>\n<li> Longue durabilit\u00e9 avec ses quatre rang\u00e9es de coutures;<\/li>\n<li> Offre une grande versatilit\u00e9.<\/li>\n<\/ul>\n<p><\/p>\n<p><button class=\"soumission-btn\"><a href=\"\/soumission\/\">Demande de soumission<\/a><\/button><\/p>\n","protected":false},"featured_media":2568,"template":"","meta":{"inline_featured_image":false},"product_brand":[],"product_cat":[291,156,271,275],"product_tag":[],"class_list":{"0":"post-2567","1":"product","2":"type-product","3":"status-publish","4":"has-post-thumbnail","6":"product_cat-drapeaux-personnalises","7":"product_cat-drapeaux","8":"product_cat-gouttes-de-vitres","9":"product_cat-gouttes-de-vitres-drapeaux-en-stock","11":"first","12":"instock","13":"taxable","14":"shipping-taxable","15":"product-type-simple"},"_links":{"self":[{"href":"http:\/\/gama.ca\/fr\/wp-json\/wp\/v2\/product\/2567","targetHints":{"allow":["GET"]}}],"collection":[{"href":"http:\/\/gama.ca\/fr\/wp-json\/wp\/v2\/product"}],"about":[{"href":"http:\/\/gama.ca\/fr\/wp-json\/wp\/v2\/types\/product"}],"wp:featuredmedia":[{"embeddable":true,"href":"http:\/\/gama.ca\/fr\/wp-json\/wp\/v2\/media\/2568"}],"wp:attachment":[{"href":"http:\/\/gama.ca\/fr\/wp-json\/wp\/v2\/media?parent=2567"}],"wp:term":[{"taxonomy":"product_brand","embeddable":true,"href":"http:\/\/gama.ca\/fr\/wp-json\/wp\/v2\/product_brand?post=2567"},{"taxonomy":"product_cat","embeddable":true,"href":"http:\/\/gama.ca\/fr\/wp-json\/wp\/v2\/product_cat?post=2567"},{"taxonomy":"product_tag","embeddable":true,"href":"http:\/\/gama.ca\/fr\/wp-json\/wp\/v2\/product_tag?post=2567"}],"curies":[{"name":"wp","href":"https:\/\/api.w.org\/{rel}","templated":true}]}}