{"id":3184,"date":"2020-12-09T15:14:41","date_gmt":"2020-12-09T15:14:41","guid":{"rendered":"http:\/\/localhost:10008\/?post_type=product&#038;p=3184"},"modified":"2022-11-07T21:04:34","modified_gmt":"2022-11-07T21:04:34","slug":"ensembles-de-chiffres-pour-triangles-de-toit","status":"publish","type":"product","link":"http:\/\/gama.ca\/fr\/produit\/ensembles-de-chiffres-pour-triangles-de-toit\/","title":{"rendered":"Ensembles de chiffres pour triangles de toit"},"content":{"rendered":"","protected":false},"excerpt":{"rendered":"<h3>Vendu en ensemble seulement.<\/h3>\n<p>Imprim\u00e9 sur mat\u00e9riel transparent r\u00e9sistant aux UV. Pas de styr\u00e8ne qui brise rapidement.<\/p>\n","protected":false},"featured_media":3459,"template":"","meta":{"inline_featured_image":false},"product_brand":[],"product_cat":[51,401,403],"product_tag":[],"class_list":{"0":"post-3184","1":"product","2":"type-product","3":"status-publish","4":"has-post-thumbnail","6":"product_cat-publicite-sur-vehicules","7":"product_cat-triangles-de-toit","8":"product_cat-messages-a-inserer","10":"first","11":"outofstock","12":"taxable","13":"shipping-taxable","14":"purchasable","15":"product-type-variable"},"_links":{"self":[{"href":"http:\/\/gama.ca\/fr\/wp-json\/wp\/v2\/product\/3184","targetHints":{"allow":["GET"]}}],"collection":[{"href":"http:\/\/gama.ca\/fr\/wp-json\/wp\/v2\/product"}],"about":[{"href":"http:\/\/gama.ca\/fr\/wp-json\/wp\/v2\/types\/product"}],"wp:featuredmedia":[{"embeddable":true,"href":"http:\/\/gama.ca\/fr\/wp-json\/wp\/v2\/media\/3459"}],"wp:attachment":[{"href":"http:\/\/gama.ca\/fr\/wp-json\/wp\/v2\/media?parent=3184"}],"wp:term":[{"taxonomy":"product_brand","embeddable":true,"href":"http:\/\/gama.ca\/fr\/wp-json\/wp\/v2\/product_brand?post=3184"},{"taxonomy":"product_cat","embeddable":true,"href":"http:\/\/gama.ca\/fr\/wp-json\/wp\/v2\/product_cat?post=3184"},{"taxonomy":"product_tag","embeddable":true,"href":"http:\/\/gama.ca\/fr\/wp-json\/wp\/v2\/product_tag?post=3184"}],"curies":[{"name":"wp","href":"https:\/\/api.w.org\/{rel}","templated":true}]}}