{"id":3213,"date":"2020-12-09T15:12:18","date_gmt":"2020-12-09T15:12:18","guid":{"rendered":"http:\/\/localhost:10008\/?post_type=product&#038;p=3213"},"modified":"2022-11-07T21:34:22","modified_gmt":"2022-11-07T21:34:22","slug":"chiffres-individuels-pour-triangles-de-toit","status":"publish","type":"product","link":"http:\/\/gama.ca\/fr\/produit\/chiffres-individuels-pour-triangles-de-toit\/","title":{"rendered":"Chiffres individuels pour triangles de toit"},"content":{"rendered":"","protected":false},"excerpt":{"rendered":"<h3><strong> Prix par unit\u00e9 <\/strong><\/h3>\n<p>Imprim\u00e9 sur mat\u00e9riel transparent, r\u00e9sistant aux UV. Pas de styr\u00e8ne qui brise rapidement<\/p>\n","protected":false},"featured_media":3286,"template":"","meta":{"inline_featured_image":false},"product_brand":[],"product_cat":[401,403],"product_tag":[],"class_list":{"0":"post-3213","1":"product","2":"type-product","3":"status-publish","4":"has-post-thumbnail","6":"product_cat-triangles-de-toit","7":"product_cat-messages-a-inserer","9":"first","10":"instock","11":"taxable","12":"shipping-taxable","13":"purchasable","14":"product-type-variable"},"_links":{"self":[{"href":"http:\/\/gama.ca\/fr\/wp-json\/wp\/v2\/product\/3213","targetHints":{"allow":["GET"]}}],"collection":[{"href":"http:\/\/gama.ca\/fr\/wp-json\/wp\/v2\/product"}],"about":[{"href":"http:\/\/gama.ca\/fr\/wp-json\/wp\/v2\/types\/product"}],"wp:featuredmedia":[{"embeddable":true,"href":"http:\/\/gama.ca\/fr\/wp-json\/wp\/v2\/media\/3286"}],"wp:attachment":[{"href":"http:\/\/gama.ca\/fr\/wp-json\/wp\/v2\/media?parent=3213"}],"wp:term":[{"taxonomy":"product_brand","embeddable":true,"href":"http:\/\/gama.ca\/fr\/wp-json\/wp\/v2\/product_brand?post=3213"},{"taxonomy":"product_cat","embeddable":true,"href":"http:\/\/gama.ca\/fr\/wp-json\/wp\/v2\/product_cat?post=3213"},{"taxonomy":"product_tag","embeddable":true,"href":"http:\/\/gama.ca\/fr\/wp-json\/wp\/v2\/product_tag?post=3213"}],"curies":[{"name":"wp","href":"https:\/\/api.w.org\/{rel}","templated":true}]}}