{"id":3316,"date":"2020-12-09T18:29:54","date_gmt":"2020-12-09T18:29:54","guid":{"rendered":"http:\/\/localhost:10008\/?post_type=product&#038;p=3316"},"modified":"2022-03-07T19:04:59","modified_gmt":"2022-03-07T19:04:59","slug":"logo-des-manufacturiers","status":"publish","type":"product","link":"http:\/\/gama.ca\/fr\/produit\/logo-des-manufacturiers\/","title":{"rendered":"Logo des manufacturiers"},"content":{"rendered":"","protected":false},"excerpt":{"rendered":"<h3><strong> Prix sur demande seulement<\/strong><\/h3>\n<p>Fabriqu\u00e9s pour et \u00e0 la demande des concessionnaires autoris\u00e9s.<\/p>\n<p><button class=\"soumission-btn\"><a href=\"\/soumission\/\">Demande de soumission<\/button><\/p>\n","protected":false},"featured_media":6979,"template":"","meta":{"inline_featured_image":false},"product_brand":[],"product_cat":[51,401,424],"product_tag":[],"class_list":{"0":"post-3316","1":"product","2":"type-product","3":"status-publish","4":"has-post-thumbnail","6":"product_cat-publicite-sur-vehicules","7":"product_cat-triangles-de-toit","8":"product_cat-confectionnez-votre-message","10":"first","11":"instock","12":"taxable","13":"shipping-taxable","14":"product-type-simple"},"_links":{"self":[{"href":"http:\/\/gama.ca\/fr\/wp-json\/wp\/v2\/product\/3316","targetHints":{"allow":["GET"]}}],"collection":[{"href":"http:\/\/gama.ca\/fr\/wp-json\/wp\/v2\/product"}],"about":[{"href":"http:\/\/gama.ca\/fr\/wp-json\/wp\/v2\/types\/product"}],"wp:featuredmedia":[{"embeddable":true,"href":"http:\/\/gama.ca\/fr\/wp-json\/wp\/v2\/media\/6979"}],"wp:attachment":[{"href":"http:\/\/gama.ca\/fr\/wp-json\/wp\/v2\/media?parent=3316"}],"wp:term":[{"taxonomy":"product_brand","embeddable":true,"href":"http:\/\/gama.ca\/fr\/wp-json\/wp\/v2\/product_brand?post=3316"},{"taxonomy":"product_cat","embeddable":true,"href":"http:\/\/gama.ca\/fr\/wp-json\/wp\/v2\/product_cat?post=3316"},{"taxonomy":"product_tag","embeddable":true,"href":"http:\/\/gama.ca\/fr\/wp-json\/wp\/v2\/product_tag?post=3316"}],"curies":[{"name":"wp","href":"https:\/\/api.w.org\/{rel}","templated":true}]}}