{"id":4581,"date":"2020-12-16T19:33:55","date_gmt":"2020-12-16T19:33:55","guid":{"rendered":"http:\/\/localhost:10008\/?post_type=product&#038;p=4581"},"modified":"2022-11-07T16:16:28","modified_gmt":"2022-11-07T16:16:28","slug":"fanions-antenne-metalliques","status":"publish","type":"product","link":"http:\/\/gama.ca\/fr\/produit\/fanions-antenne-metalliques\/","title":{"rendered":"Fanions d&#8217;antenne m\u00e9talliques"},"content":{"rendered":"","protected":false},"excerpt":{"rendered":"<p><strong>Les fanions d&#8217;antenne m\u00e9talliques sont vendus en paquet de 12 unit\u00e9s.<\/strong><\/p>\n","protected":false},"featured_media":5794,"template":"","meta":{"inline_featured_image":false},"product_brand":[],"product_cat":[482,498],"product_tag":[],"class_list":{"0":"post-4581","1":"product","2":"type-product","3":"status-publish","4":"has-post-thumbnail","6":"product_cat-publicites-exterieures","7":"product_cat-fanions","9":"first","10":"instock","11":"taxable","12":"shipping-taxable","13":"purchasable","14":"product-type-variable"},"_links":{"self":[{"href":"http:\/\/gama.ca\/fr\/wp-json\/wp\/v2\/product\/4581","targetHints":{"allow":["GET"]}}],"collection":[{"href":"http:\/\/gama.ca\/fr\/wp-json\/wp\/v2\/product"}],"about":[{"href":"http:\/\/gama.ca\/fr\/wp-json\/wp\/v2\/types\/product"}],"wp:featuredmedia":[{"embeddable":true,"href":"http:\/\/gama.ca\/fr\/wp-json\/wp\/v2\/media\/5794"}],"wp:attachment":[{"href":"http:\/\/gama.ca\/fr\/wp-json\/wp\/v2\/media?parent=4581"}],"wp:term":[{"taxonomy":"product_brand","embeddable":true,"href":"http:\/\/gama.ca\/fr\/wp-json\/wp\/v2\/product_brand?post=4581"},{"taxonomy":"product_cat","embeddable":true,"href":"http:\/\/gama.ca\/fr\/wp-json\/wp\/v2\/product_cat?post=4581"},{"taxonomy":"product_tag","embeddable":true,"href":"http:\/\/gama.ca\/fr\/wp-json\/wp\/v2\/product_tag?post=4581"}],"curies":[{"name":"wp","href":"https:\/\/api.w.org\/{rel}","templated":true}]}}