{"id":4814,"date":"2021-01-06T18:52:23","date_gmt":"2021-01-06T18:52:23","guid":{"rendered":"http:\/\/localhost:10008\/?post_type=product&#038;p=4814"},"modified":"2022-03-11T16:03:51","modified_gmt":"2022-03-11T16:03:51","slug":"pochette-souple-personnalisee","status":"publish","type":"product","link":"http:\/\/gama.ca\/fr\/produit\/pochette-souple-personnalisee\/","title":{"rendered":"Pochettes souples personnalis\u00e9es"},"content":{"rendered":"","protected":false},"excerpt":{"rendered":"<p><strong>Personnalisable \u00e0 partir de 250 unit\u00e9s. Prix sur demande<\/strong><\/p>\n<p><button class=\"soumission-btn\"><a href=\"\/soumission\/\">Demande de soumission<\/a><\/button><\/p>\n","protected":false},"featured_media":4816,"template":"","meta":{"inline_featured_image":false},"product_brand":[],"product_cat":[529,537],"product_tag":[88,107,68],"class_list":{"0":"post-4814","1":"product","2":"type-product","3":"status-publish","4":"has-post-thumbnail","6":"product_cat-gestion-de-linventaire","7":"product_cat-pochettes-didentification","8":"product_tag-personnalisable","9":"product_tag-pochettes","10":"product_tag-plastique","12":"first","13":"instock","14":"taxable","15":"shipping-taxable","16":"product-type-simple"},"_links":{"self":[{"href":"http:\/\/gama.ca\/fr\/wp-json\/wp\/v2\/product\/4814","targetHints":{"allow":["GET"]}}],"collection":[{"href":"http:\/\/gama.ca\/fr\/wp-json\/wp\/v2\/product"}],"about":[{"href":"http:\/\/gama.ca\/fr\/wp-json\/wp\/v2\/types\/product"}],"wp:featuredmedia":[{"embeddable":true,"href":"http:\/\/gama.ca\/fr\/wp-json\/wp\/v2\/media\/4816"}],"wp:attachment":[{"href":"http:\/\/gama.ca\/fr\/wp-json\/wp\/v2\/media?parent=4814"}],"wp:term":[{"taxonomy":"product_brand","embeddable":true,"href":"http:\/\/gama.ca\/fr\/wp-json\/wp\/v2\/product_brand?post=4814"},{"taxonomy":"product_cat","embeddable":true,"href":"http:\/\/gama.ca\/fr\/wp-json\/wp\/v2\/product_cat?post=4814"},{"taxonomy":"product_tag","embeddable":true,"href":"http:\/\/gama.ca\/fr\/wp-json\/wp\/v2\/product_tag?post=4814"}],"curies":[{"name":"wp","href":"https:\/\/api.w.org\/{rel}","templated":true}]}}