{"id":5072,"date":"2021-01-08T17:05:06","date_gmt":"2021-01-08T17:05:06","guid":{"rendered":"http:\/\/localhost:10008\/?post_type=product&#038;p=5072"},"modified":"2022-04-26T19:15:05","modified_gmt":"2022-04-26T19:15:05","slug":"elcometre","status":"publish","type":"product","link":"http:\/\/gama.ca\/fr\/produit\/elcometre\/","title":{"rendered":"Elcom\u00e8tre"},"content":{"rendered":"","protected":false},"excerpt":{"rendered":"<p>Le mod\u00e8le <strong>Elcometer 311 mod\u00e8le B<\/strong> a \u00e9t\u00e9 sp\u00e9cifiquement con\u00e7u pour r\u00e9pondre aux exigences de l\u2019industrie automobile actuelle. Il se d\u00e9cline en deux mod\u00e8les.<\/p>\n<ul>\n<li style=\"list-style-type: none;\">\n<ul>\n<li><strong>Ferreux<\/strong> : L\u2019instrument ferreux est id\u00e9al<br \/>\npour la mesure des carrosseries en acier.<\/li>\n<li><strong>Ferreux\/non ferreux<\/strong> : L\u2019instrument FNF permet de prendre des mesures \u00e0 la fois sur carrosseries en acier et en aluminium, par commutation automatique sur jauge unique.<\/li>\n<\/ul>\n<\/li>\n<\/ul>\n<p><button class=\"soumission-btn\"><a href=\"\/soumission\/\">Demande de soumission<\/a><\/button><\/p>\n","protected":false},"featured_media":5073,"template":"","meta":{"inline_featured_image":false},"product_brand":[],"product_cat":[569,570],"product_tag":[],"class_list":{"0":"post-5072","1":"product","2":"type-product","3":"status-publish","4":"has-post-thumbnail","6":"product_cat-utilitaires","7":"product_cat-vadrouilles-et-elcometre","9":"first","10":"instock","11":"taxable","12":"shipping-taxable","13":"product-type-simple"},"_links":{"self":[{"href":"http:\/\/gama.ca\/fr\/wp-json\/wp\/v2\/product\/5072","targetHints":{"allow":["GET"]}}],"collection":[{"href":"http:\/\/gama.ca\/fr\/wp-json\/wp\/v2\/product"}],"about":[{"href":"http:\/\/gama.ca\/fr\/wp-json\/wp\/v2\/types\/product"}],"wp:featuredmedia":[{"embeddable":true,"href":"http:\/\/gama.ca\/fr\/wp-json\/wp\/v2\/media\/5073"}],"wp:attachment":[{"href":"http:\/\/gama.ca\/fr\/wp-json\/wp\/v2\/media?parent=5072"}],"wp:term":[{"taxonomy":"product_brand","embeddable":true,"href":"http:\/\/gama.ca\/fr\/wp-json\/wp\/v2\/product_brand?post=5072"},{"taxonomy":"product_cat","embeddable":true,"href":"http:\/\/gama.ca\/fr\/wp-json\/wp\/v2\/product_cat?post=5072"},{"taxonomy":"product_tag","embeddable":true,"href":"http:\/\/gama.ca\/fr\/wp-json\/wp\/v2\/product_tag?post=5072"}],"curies":[{"name":"wp","href":"https:\/\/api.w.org\/{rel}","templated":true}]}}