{"id":5147,"date":"2021-01-11T15:49:31","date_gmt":"2021-01-11T15:49:31","guid":{"rendered":"http:\/\/localhost:10008\/?post_type=product&#038;p=5147"},"modified":"2022-02-08T18:53:57","modified_gmt":"2022-02-08T18:53:57","slug":"separateur-suspendu","status":"publish","type":"product","link":"http:\/\/gama.ca\/fr\/produit\/separateur-suspendu\/","title":{"rendered":"S\u00e9parateur suspendu"},"content":{"rendered":"","protected":false},"excerpt":{"rendered":"<p>S\u00e9parateur suspendu, r\u00e9utilisable pour vos affiches<br \/>\n\u00c9cran de protection suspendu avec <strong>\u00e9cran transparent r\u00e9utilisable.<\/strong><\/p>\n<ul>\n<li> Quincaillerie incluse (crochets de 24 po.); <\/li>\n<li>Cadre en aluminium anodis\u00e9;<\/li>\n<li>\u00c9cran transparent de 20 mil.;<\/li>\n<li>R\u00e9utilisable pour vos affiches; <\/li>\n<li>Installation rapide;<\/li>\n<li>Fabriqu\u00e9 au Qu\u00e9bec;<\/li>\n<li>Vari\u00e9t\u00e9 de quincaillerie disponible;<\/li>\n<li><strong>Chaise non-incluse.<\/strong><\/li>\n<\/ul>\n<p> Pour en conna\u00eetre davantages sur notre quincaillerie, veuillez visitez <a href=\"https:\/\/dfense-protection.com\/s%C3%A9parateur\" target=\"_blank\" rel=\"noopener noreferrer\">D-Fense Protection<\/a>.<\/p>\n<table class=\"tableau-prix\">\n<thead>\n<tr>\n<th scope=\"col\">Grandeur<\/th>\n<th scope=\"col\">Prix unitaire<\/th>\n<th scope=\"col\">Prix pour 5+ (Ch.)<\/th>\n<\/tr>\n<\/thead>\n<tbody>\n<tr>\n<td data-label=\"qty\">23.25 x 49.25 po.<\/td>\n<td data-label=\"price\">99 $<\/td>\n<td data-label=\"price\">89 $<\/td>\n<\/tr>\n<\/tbody>\n<\/table>\n","protected":false},"featured_media":5148,"template":"","meta":{"inline_featured_image":false},"product_brand":[],"product_cat":[592],"product_tag":[],"class_list":{"0":"post-5147","1":"product","2":"type-product","3":"status-publish","4":"has-post-thumbnail","6":"product_cat-protection","8":"first","9":"instock","10":"taxable","11":"shipping-taxable","12":"purchasable","13":"product-type-simple"},"_links":{"self":[{"href":"http:\/\/gama.ca\/fr\/wp-json\/wp\/v2\/product\/5147","targetHints":{"allow":["GET"]}}],"collection":[{"href":"http:\/\/gama.ca\/fr\/wp-json\/wp\/v2\/product"}],"about":[{"href":"http:\/\/gama.ca\/fr\/wp-json\/wp\/v2\/types\/product"}],"wp:featuredmedia":[{"embeddable":true,"href":"http:\/\/gama.ca\/fr\/wp-json\/wp\/v2\/media\/5148"}],"wp:attachment":[{"href":"http:\/\/gama.ca\/fr\/wp-json\/wp\/v2\/media?parent=5147"}],"wp:term":[{"taxonomy":"product_brand","embeddable":true,"href":"http:\/\/gama.ca\/fr\/wp-json\/wp\/v2\/product_brand?post=5147"},{"taxonomy":"product_cat","embeddable":true,"href":"http:\/\/gama.ca\/fr\/wp-json\/wp\/v2\/product_cat?post=5147"},{"taxonomy":"product_tag","embeddable":true,"href":"http:\/\/gama.ca\/fr\/wp-json\/wp\/v2\/product_tag?post=5147"}],"curies":[{"name":"wp","href":"https:\/\/api.w.org\/{rel}","templated":true}]}}