{"id":5151,"date":"2021-01-11T16:02:12","date_gmt":"2021-01-11T16:02:12","guid":{"rendered":"http:\/\/localhost:10008\/?post_type=product&#038;p=5151"},"modified":"2022-11-07T20:48:37","modified_gmt":"2022-11-07T20:48:37","slug":"d-fense-serie-v","status":"publish","type":"product","link":"http:\/\/gama.ca\/fr\/produit\/d-fense-serie-v\/","title":{"rendered":"D-fense S\u00e9rie V"},"content":{"rendered":"","protected":false},"excerpt":{"rendered":"<h3>Polycarbonate sur\u00e9lev\u00e9, sur toute la largeur<\/h3>\n<p>Module multi-surface avec un d\u00e9gagement de 3 pouce de hauteur, pour permettre une transaction de multiples documents.<\/p>\n<ul>\n<li>30x plus r\u00e9sistant que l&#8217;acrylique et 250x plus que le verre;<\/li>\n<li>Durable contre les fissures et tr\u00e8s r\u00e9sistant aux produits chimiques;<\/li>\n<li>Perforation aux coins sup\u00e9rieurs pour l&#8217;option de suspendre au plafond (quincaillerie disponible).;<\/li>\n<\/ul>\n<p>Pour en conna\u00eetre d&#8217;avantages sur notre quincaillerie, veuillez visitez <a href=\"https:\/\/dfense-protection.com\/s%C3%A9parateur\" target=\"_blank\" rel=\"noopener noreferrer\">D-Fense Protection<\/a>.<\/p>\n<table>\n<thead>\n<tr>\n<th scope=\"col\">Mod\u00e8le<\/th>\n<th scope=\"col\">Grandeur<\/th>\n<th scope=\"col\">Prix<\/th>\n<\/tr>\n<\/thead>\n<tbody>\n<tr>\n<td data-label=\"Mod\u00e8le\">V24<\/td>\n<td data-label=\"Grandeur\">23\u00a0\u00bc\u00a0x 34\u00a0\u00bc<\/td>\n<td data-label=\"Prix\">115$<\/td>\n<\/tr>\n<tr>\n<td data-label=\"Mod\u00e8le\">V36<\/td>\n<td data-label=\"Grandeur\">35\u00a0\u00bc\u00a0x 34\u00a0\u00bc<\/td>\n<td data-label=\"Prix\">189$<\/td>\n<\/tr>\n<tr>\n<td data-label=\"Mod\u00e8le\">V48<\/td>\n<td data-label=\"Grandeur\">47 x 34\u00a0\u00bc<\/td>\n<td data-label=\"Prix\">199$<\/td>\n<\/tr>\n<tr>\n<td data-label=\"Mod\u00e8le\">V63<\/td>\n<td data-label=\"Grandeur\">63 x 34\u00a0\u00bc<\/td>\n<td data-label=\"Prix\">289$<\/td>\n<\/tr>\n<tr>\n<td data-label=\"Mod\u00e8le\">V72<\/td>\n<td data-label=\"Grandeur\">71\u00a0\u00bc\u00a0x 34\u00a0\u00bc<\/td>\n<td data-label=\"Prix\">349$<\/td>\n<\/tr>\n<tr>\n<td data-label=\"Mod\u00e8le\">V96<\/td>\n<td data-label=\"Grandeur\">85\u00a0\u00bc\u00a0x 34\u00a0\u00bc<\/td>\n<td data-label=\"Prix\">420$<\/td>\n<\/tr>\n<\/tbody>\n<\/table>\n","protected":false},"featured_media":5153,"template":"","meta":{"inline_featured_image":false},"product_brand":[],"product_cat":[592],"product_tag":[],"class_list":{"0":"post-5151","1":"product","2":"type-product","3":"status-publish","4":"has-post-thumbnail","6":"product_cat-protection","8":"first","9":"instock","10":"taxable","11":"shipping-taxable","12":"purchasable","13":"product-type-variable"},"_links":{"self":[{"href":"http:\/\/gama.ca\/fr\/wp-json\/wp\/v2\/product\/5151","targetHints":{"allow":["GET"]}}],"collection":[{"href":"http:\/\/gama.ca\/fr\/wp-json\/wp\/v2\/product"}],"about":[{"href":"http:\/\/gama.ca\/fr\/wp-json\/wp\/v2\/types\/product"}],"wp:featuredmedia":[{"embeddable":true,"href":"http:\/\/gama.ca\/fr\/wp-json\/wp\/v2\/media\/5153"}],"wp:attachment":[{"href":"http:\/\/gama.ca\/fr\/wp-json\/wp\/v2\/media?parent=5151"}],"wp:term":[{"taxonomy":"product_brand","embeddable":true,"href":"http:\/\/gama.ca\/fr\/wp-json\/wp\/v2\/product_brand?post=5151"},{"taxonomy":"product_cat","embeddable":true,"href":"http:\/\/gama.ca\/fr\/wp-json\/wp\/v2\/product_cat?post=5151"},{"taxonomy":"product_tag","embeddable":true,"href":"http:\/\/gama.ca\/fr\/wp-json\/wp\/v2\/product_tag?post=5151"}],"curies":[{"name":"wp","href":"https:\/\/api.w.org\/{rel}","templated":true}]}}