{"id":5239,"date":"2021-11-23T21:24:33","date_gmt":"2021-11-23T21:24:33","guid":{"rendered":"http:\/\/localhost:10008\/?post_type=product&#038;p=5239"},"modified":"2023-03-22T14:25:30","modified_gmt":"2023-03-22T14:25:30","slug":"stylo-griffe-15","status":"publish","type":"product","link":"http:\/\/gama.ca\/fr\/produit\/stylo-griffe-15\/","title":{"rendered":"Stylo Griffe #15"},"content":{"rendered":"","protected":false},"excerpt":{"rendered":"<p>Prestigieux stylo \u00e0 bille en m\u00e9tal, encre noire, avec m\u00e9canisme \u00e0 torsion.<br \/>\n<strong> Frais de montage de 40$ (couleur ou laser), par zone. Couleurs et zones suppl\u00e9mentaires sont 0.45$ chacune.<\/strong><\/p>\n<p><strong>Prix unitaire selon quantit\u00e9:<\/strong><\/p>\n<table class=\"tableau-prix\">\n<thead>\n<tr>\n<th scope=\"col\">Quantit\u00e9<\/th>\n<th scope=\"col\">Prix<\/th>\n<\/tr>\n<\/thead>\n<tbody>\n<tr>\n<td data-label=\"qty\">100<\/td>\n<td data-label=\"price\">10.93$<\/td>\n<\/tr>\n<tr>\n<td scope=\"row\" data-label=\"qty\">250<\/td>\n<td data-label=\"price\">10.29$<\/td>\n<\/tr>\n<tr>\n<td scope=\"row\" data-label=\"qty\">1000<\/td>\n<td data-label=\"price\">9.19$<\/td>\n<\/tr>\n<\/tbody>\n<\/table>\n<p><button class=\"soumission-btn\"><a href=\"\/soumission\/\">Demande de soumission<\/a><\/button><\/p>\n","protected":false},"featured_media":5240,"template":"","meta":{"inline_featured_image":false},"product_brand":[],"product_cat":[146,54],"product_tag":[],"class_list":{"0":"post-5239","1":"product","2":"type-product","3":"status-publish","4":"has-post-thumbnail","6":"product_cat-stylo-deluxe","7":"product_cat-stylos","9":"first","10":"instock","11":"taxable","12":"shipping-taxable","13":"product-type-simple"},"_links":{"self":[{"href":"http:\/\/gama.ca\/fr\/wp-json\/wp\/v2\/product\/5239","targetHints":{"allow":["GET"]}}],"collection":[{"href":"http:\/\/gama.ca\/fr\/wp-json\/wp\/v2\/product"}],"about":[{"href":"http:\/\/gama.ca\/fr\/wp-json\/wp\/v2\/types\/product"}],"wp:featuredmedia":[{"embeddable":true,"href":"http:\/\/gama.ca\/fr\/wp-json\/wp\/v2\/media\/5240"}],"wp:attachment":[{"href":"http:\/\/gama.ca\/fr\/wp-json\/wp\/v2\/media?parent=5239"}],"wp:term":[{"taxonomy":"product_brand","embeddable":true,"href":"http:\/\/gama.ca\/fr\/wp-json\/wp\/v2\/product_brand?post=5239"},{"taxonomy":"product_cat","embeddable":true,"href":"http:\/\/gama.ca\/fr\/wp-json\/wp\/v2\/product_cat?post=5239"},{"taxonomy":"product_tag","embeddable":true,"href":"http:\/\/gama.ca\/fr\/wp-json\/wp\/v2\/product_tag?post=5239"}],"curies":[{"name":"wp","href":"https:\/\/api.w.org\/{rel}","templated":true}]}}