{"id":5293,"date":"2020-11-15T19:00:46","date_gmt":"2020-11-15T19:00:46","guid":{"rendered":"http:\/\/localhost:10008\/?post_type=product&#038;p=5293"},"modified":"2023-03-09T14:23:36","modified_gmt":"2023-03-09T14:23:36","slug":"drap-o-vent-nissan","status":"publish","type":"product","link":"http:\/\/gama.ca\/fr\/produit\/drap-o-vent-nissan\/","title":{"rendered":"Drapeau &#8220;Drap-o-vent&#8221; Nissan"},"content":{"rendered":"","protected":false},"excerpt":{"rendered":"<h4>Grandeur de 27,5\u201d x 128,5\u201d<\/h4>\n<p>Fabriqu\u00e9s pour et \u00e0 la demande des concessionnaires autoris\u00e9s<\/p>\n","protected":false},"featured_media":5294,"template":"","meta":{"inline_featured_image":false},"product_brand":[],"product_cat":[157,248],"product_tag":[],"class_list":{"0":"post-5293","1":"product","2":"type-product","3":"status-publish","4":"has-post-thumbnail","6":"product_cat-corporatifs","7":"product_cat-drap-o-vent-corpo","9":"first","10":"instock","11":"taxable","12":"shipping-taxable","13":"purchasable","14":"product-type-variable"},"_links":{"self":[{"href":"http:\/\/gama.ca\/fr\/wp-json\/wp\/v2\/product\/5293","targetHints":{"allow":["GET"]}}],"collection":[{"href":"http:\/\/gama.ca\/fr\/wp-json\/wp\/v2\/product"}],"about":[{"href":"http:\/\/gama.ca\/fr\/wp-json\/wp\/v2\/types\/product"}],"wp:featuredmedia":[{"embeddable":true,"href":"http:\/\/gama.ca\/fr\/wp-json\/wp\/v2\/media\/5294"}],"wp:attachment":[{"href":"http:\/\/gama.ca\/fr\/wp-json\/wp\/v2\/media?parent=5293"}],"wp:term":[{"taxonomy":"product_brand","embeddable":true,"href":"http:\/\/gama.ca\/fr\/wp-json\/wp\/v2\/product_brand?post=5293"},{"taxonomy":"product_cat","embeddable":true,"href":"http:\/\/gama.ca\/fr\/wp-json\/wp\/v2\/product_cat?post=5293"},{"taxonomy":"product_tag","embeddable":true,"href":"http:\/\/gama.ca\/fr\/wp-json\/wp\/v2\/product_tag?post=5293"}],"curies":[{"name":"wp","href":"https:\/\/api.w.org\/{rel}","templated":true}]}}