{"id":626,"date":"2020-11-05T20:43:13","date_gmt":"2020-11-05T20:43:13","guid":{"rendered":"http:\/\/localhost:10008\/?post_type=product&#038;p=626"},"modified":"2023-03-22T14:56:52","modified_gmt":"2023-03-22T14:56:52","slug":"stylo-sierra","status":"publish","type":"product","link":"http:\/\/gama.ca\/fr\/produit\/stylo-sierra\/","title":{"rendered":"Stylo Sierra"},"content":{"rendered":"","protected":false},"excerpt":{"rendered":"<p>Stylo \u00e0 bille argent\u00e9 2 en 1, encre bleue, avec m\u00e9canisme \u00e0 torsion, muni d&#8217;une prise confort de couleur assortie et d&#8217;un surligneur jaune.<br \/>\n<strong> Frais de montage de 40$ par couleur, par zone. Couleurs et zones suppl\u00e9mentaires sont 0.45$ chacune.<\/strong><\/p>\n<p><strong>Prix unitaire selon quantit\u00e9:<\/strong><\/p>\n<table class=\"tableau-prix\">\n<thead>\n<tr>\n<th scope=\"col\">Quantit\u00e9<\/th>\n<th scope=\"col\">Prix<\/th>\n<\/tr>\n<\/thead>\n<tbody>\n<tr>\n<td data-label=\"qty\">500<\/td>\n<td data-label=\"price\">1.14$<\/td>\n<\/tr>\n<tr>\n<td scope=\"row\" data-label=\"qty\">1000<\/td>\n<td data-label=\"price\">1.09$<\/td>\n<\/tr>\n<tr>\n<td scope=\"row\" data-label=\"qty\">2500<\/td>\n<td data-label=\"price\">1.06$<\/td>\n<\/tr>\n<\/tbody>\n<\/table>\n<p><button class=\"soumission-btn\"><a href=\"\/soumission\/\">Demande de soumission<\/a><\/button><\/p>\n","protected":false},"featured_media":638,"template":"","meta":{"inline_featured_image":false},"product_brand":[],"product_cat":[54,98],"product_tag":[],"class_list":{"0":"post-626","1":"product","2":"type-product","3":"status-publish","4":"has-post-thumbnail","6":"product_cat-stylos","7":"product_cat-stylos-de-plastiques","9":"first","10":"instock","11":"taxable","12":"shipping-taxable","13":"product-type-simple"},"_links":{"self":[{"href":"http:\/\/gama.ca\/fr\/wp-json\/wp\/v2\/product\/626","targetHints":{"allow":["GET"]}}],"collection":[{"href":"http:\/\/gama.ca\/fr\/wp-json\/wp\/v2\/product"}],"about":[{"href":"http:\/\/gama.ca\/fr\/wp-json\/wp\/v2\/types\/product"}],"wp:featuredmedia":[{"embeddable":true,"href":"http:\/\/gama.ca\/fr\/wp-json\/wp\/v2\/media\/638"}],"wp:attachment":[{"href":"http:\/\/gama.ca\/fr\/wp-json\/wp\/v2\/media?parent=626"}],"wp:term":[{"taxonomy":"product_brand","embeddable":true,"href":"http:\/\/gama.ca\/fr\/wp-json\/wp\/v2\/product_brand?post=626"},{"taxonomy":"product_cat","embeddable":true,"href":"http:\/\/gama.ca\/fr\/wp-json\/wp\/v2\/product_cat?post=626"},{"taxonomy":"product_tag","embeddable":true,"href":"http:\/\/gama.ca\/fr\/wp-json\/wp\/v2\/product_tag?post=626"}],"curies":[{"name":"wp","href":"https:\/\/api.w.org\/{rel}","templated":true}]}}