{"id":825,"date":"2020-11-06T18:37:59","date_gmt":"2020-11-06T18:37:59","guid":{"rendered":"http:\/\/localhost:10008\/?post_type=product&#038;p=825"},"modified":"2023-03-22T14:11:04","modified_gmt":"2023-03-22T14:11:04","slug":"boite-cadeau-cartonnee-noire","status":"publish","type":"product","link":"http:\/\/gama.ca\/fr\/produit\/boite-cadeau-cartonnee-noire\/","title":{"rendered":"Bo\u00eete cadeau cartonn\u00e9e noire"},"content":{"rendered":"","protected":false},"excerpt":{"rendered":"<p>Bo\u00eete cadeau cartonn\u00e9 noire.<br \/>\nSi vous voulez mettre votre logo, veuillez faire une demande de soumission.<br \/>\n<strong>Possibilit\u00e9 d&#8217;imprimer votre logo sur la bo\u00eete GRATUITEMENT avec tout achat de 100 stylos Griffe<sup>MD<\/sup> et plus. <\/strong><\/p>\n<p><button class=\"soumission-btn\"><a href=\"\/soumission\/\">Demande de soumission<\/a><\/button><\/p>\n","protected":false},"featured_media":821,"template":"","meta":{"inline_featured_image":false},"product_brand":[],"product_cat":[54,147],"product_tag":[],"class_list":{"0":"post-825","1":"product","2":"type-product","3":"status-publish","4":"has-post-thumbnail","6":"product_cat-stylos","7":"product_cat-boites-cadeaux","9":"first","10":"instock","11":"taxable","12":"shipping-taxable","13":"purchasable","14":"product-type-simple"},"_links":{"self":[{"href":"http:\/\/gama.ca\/fr\/wp-json\/wp\/v2\/product\/825","targetHints":{"allow":["GET"]}}],"collection":[{"href":"http:\/\/gama.ca\/fr\/wp-json\/wp\/v2\/product"}],"about":[{"href":"http:\/\/gama.ca\/fr\/wp-json\/wp\/v2\/types\/product"}],"wp:featuredmedia":[{"embeddable":true,"href":"http:\/\/gama.ca\/fr\/wp-json\/wp\/v2\/media\/821"}],"wp:attachment":[{"href":"http:\/\/gama.ca\/fr\/wp-json\/wp\/v2\/media?parent=825"}],"wp:term":[{"taxonomy":"product_brand","embeddable":true,"href":"http:\/\/gama.ca\/fr\/wp-json\/wp\/v2\/product_brand?post=825"},{"taxonomy":"product_cat","embeddable":true,"href":"http:\/\/gama.ca\/fr\/wp-json\/wp\/v2\/product_cat?post=825"},{"taxonomy":"product_tag","embeddable":true,"href":"http:\/\/gama.ca\/fr\/wp-json\/wp\/v2\/product_tag?post=825"}],"curies":[{"name":"wp","href":"https:\/\/api.w.org\/{rel}","templated":true}]}}