{"id":826,"date":"2020-11-06T18:40:07","date_gmt":"2020-11-06T18:40:07","guid":{"rendered":"http:\/\/localhost:10008\/?post_type=product&#038;p=826"},"modified":"2023-03-22T14:12:09","modified_gmt":"2023-03-22T14:12:09","slug":"coffret-de-luxe-a-ressorts","status":"publish","type":"product","link":"http:\/\/gama.ca\/fr\/produit\/coffret-de-luxe-a-ressorts\/","title":{"rendered":"Coffret de luxe \u00e0 ressorts"},"content":{"rendered":"","protected":false},"excerpt":{"rendered":"<p>Coffret de luxe \u00e0 ressort. Peut contenir jusqu&#8217;\u00e0 trois stylos.<br \/>\nSi vous voulez mettre votre logo, veuillez faire une demande de soumission.<br \/>\n<strong>Recevez le coffret GRATUITEMENT avec tout achat de 100 stylos Griffe<sup>MD<\/sup> et plus<\/strong><\/p>\n<p><button class=\"soumission-btn\"><a href=\"\/soumission\/\">Demande de soumission<\/a><\/button><\/p>\n","protected":false},"featured_media":822,"template":"","meta":{"inline_featured_image":false},"product_brand":[],"product_cat":[147,54],"product_tag":[],"class_list":{"0":"post-826","1":"product","2":"type-product","3":"status-publish","4":"has-post-thumbnail","6":"product_cat-boites-cadeaux","7":"product_cat-stylos","9":"first","10":"instock","11":"taxable","12":"shipping-taxable","13":"purchasable","14":"product-type-simple"},"_links":{"self":[{"href":"http:\/\/gama.ca\/fr\/wp-json\/wp\/v2\/product\/826","targetHints":{"allow":["GET"]}}],"collection":[{"href":"http:\/\/gama.ca\/fr\/wp-json\/wp\/v2\/product"}],"about":[{"href":"http:\/\/gama.ca\/fr\/wp-json\/wp\/v2\/types\/product"}],"wp:featuredmedia":[{"embeddable":true,"href":"http:\/\/gama.ca\/fr\/wp-json\/wp\/v2\/media\/822"}],"wp:attachment":[{"href":"http:\/\/gama.ca\/fr\/wp-json\/wp\/v2\/media?parent=826"}],"wp:term":[{"taxonomy":"product_brand","embeddable":true,"href":"http:\/\/gama.ca\/fr\/wp-json\/wp\/v2\/product_brand?post=826"},{"taxonomy":"product_cat","embeddable":true,"href":"http:\/\/gama.ca\/fr\/wp-json\/wp\/v2\/product_cat?post=826"},{"taxonomy":"product_tag","embeddable":true,"href":"http:\/\/gama.ca\/fr\/wp-json\/wp\/v2\/product_tag?post=826"}],"curies":[{"name":"wp","href":"https:\/\/api.w.org\/{rel}","templated":true}]}}