{"id":944,"date":"2020-11-16T19:29:40","date_gmt":"2020-11-16T19:29:40","guid":{"rendered":"http:\/\/localhost:10008\/?post_type=product&#038;p=944"},"modified":"2023-03-28T18:25:16","modified_gmt":"2023-03-28T18:25:16","slug":"drap-o-vent-occasion-colores","status":"publish","type":"product","link":"http:\/\/gama.ca\/fr\/produit\/drap-o-vent-occasion-colores\/","title":{"rendered":"Drapeau &#8220;Drap-o-vent&#8221; occasion color\u00e9s"},"content":{"rendered":"","protected":false},"excerpt":{"rendered":"<p>Qualit\u00e9 sup\u00e9rieure, opaque et r\u00e9sistant<\/p>\n","protected":false},"featured_media":953,"template":"","meta":{"inline_featured_image":false},"product_brand":[],"product_cat":[156,249],"product_tag":[242,243],"class_list":{"0":"post-944","1":"product","2":"type-product","3":"status-publish","4":"has-post-thumbnail","6":"product_cat-drapeaux","7":"product_cat-drap-o-vent-drapeaux-en-stock","8":"product_tag-damier","9":"product_tag-etoile","11":"first","12":"instock","13":"taxable","14":"shipping-taxable","15":"purchasable","16":"product-type-variable"},"_links":{"self":[{"href":"http:\/\/gama.ca\/fr\/wp-json\/wp\/v2\/product\/944","targetHints":{"allow":["GET"]}}],"collection":[{"href":"http:\/\/gama.ca\/fr\/wp-json\/wp\/v2\/product"}],"about":[{"href":"http:\/\/gama.ca\/fr\/wp-json\/wp\/v2\/types\/product"}],"wp:featuredmedia":[{"embeddable":true,"href":"http:\/\/gama.ca\/fr\/wp-json\/wp\/v2\/media\/953"}],"wp:attachment":[{"href":"http:\/\/gama.ca\/fr\/wp-json\/wp\/v2\/media?parent=944"}],"wp:term":[{"taxonomy":"product_brand","embeddable":true,"href":"http:\/\/gama.ca\/fr\/wp-json\/wp\/v2\/product_brand?post=944"},{"taxonomy":"product_cat","embeddable":true,"href":"http:\/\/gama.ca\/fr\/wp-json\/wp\/v2\/product_cat?post=944"},{"taxonomy":"product_tag","embeddable":true,"href":"http:\/\/gama.ca\/fr\/wp-json\/wp\/v2\/product_tag?post=944"}],"curies":[{"name":"wp","href":"https:\/\/api.w.org\/{rel}","templated":true}]}}